{"id":30948,"date":"2020-04-16T15:11:49","date_gmt":"2020-04-16T13:11:49","guid":{"rendered":"https:\/\/martabelles.com\/aviso-legal\/"},"modified":"2021-01-18T16:12:45","modified_gmt":"2021-01-18T14:12:45","slug":"aviso-legal","status":"publish","type":"page","link":"https:\/\/martabelles.com\/es\/aviso-legal\/","title":{"rendered":"Aviso Legal"},"content":{"rendered":"\t\t<div data-elementor-type=\"wp-page\" data-elementor-id=\"30948\" class=\"elementor elementor-30948 elementor-30447\">\n\t\t\t\t\t\t<section class=\"elementor-section elementor-top-section elementor-element elementor-element-bee7f75 elementor-section-boxed elementor-section-height-default elementor-section-height-default neuron-fixed-no\" data-id=\"bee7f75\" data-element_type=\"section\" data-e-type=\"section\">\n\t\t\t\t\t\t<div class=\"elementor-container elementor-column-gap-default\">\n\t\t\t\t\t<div class=\"elementor-column elementor-col-100 elementor-top-column elementor-element elementor-element-e3abc6e\" data-id=\"e3abc6e\" data-element_type=\"column\" data-e-type=\"column\">\n\t\t\t<div class=\"elementor-widget-wrap elementor-element-populated\">\n\t\t\t\t\t\t<div class=\"elementor-element elementor-element-d88e230 elementor-widget elementor-widget-text-editor\" data-id=\"d88e230\" data-element_type=\"widget\" data-e-type=\"widget\" data-widget_type=\"text-editor.default\">\n\t\t\t\t<div class=\"elementor-widget-container\">\n\t\t\t\t\t\t\t\t\t<h5><strong>INFORMACI\u00d3N GENERAL<\/strong><\/h5>\n<p>Esta p\u00e1gina Web es propiedad de <strong>MARTA BELL\u00c9S PETIT<\/strong> amb <strong>NIF 47440551-S<\/strong>\u00a0con domicilio a: <strong>c\/ Sant Cebri\u00e0, n\u00ba18 &#8211; 08391 Tiana, Barcelona.<\/strong><\/p>\n<p><strong>\u00a0<\/strong><\/p>\n<p>Para cualquier consulta o propuesta, cont\u00e1ctenos en el e-mail:<strong><a href=\"mailto:hola@martabelles.com\"> hola@martabelles.com<\/a><\/strong><\/p>\n<p>&nbsp;<\/p>\n<p>Esta Web cumple rigurosamente con La Ley Org\u00e1nica 15\/1999, de 13 de diciembre, de Protecci\u00f3n de Datos de Car\u00e1cter Personal (LOPD), y con Real Decreto 1720\/2007, de 21 de diciembre, conocido como Reglamento de desarrollo de la LOPD . Cumple tambi\u00e9n con el Reglamento (UE) 2016\/679 del Parlamento Europeo y del Consejo de 27 de abril de 2016 relativo a la protecci\u00f3n de las personas f\u00edsicas (RGPD), as\u00ed como con la Ley 34\/2002, de 11 de julio, de Servicios de la Sociedad de la Informaci\u00f3n y Comercio Electr\u00f3nico (LSSICE o LSSI).<\/p>\n<p>&nbsp;<\/p>\n<p>Con car\u00e1cter general, las relaciones con los usuarios, que se deriven de la prestaci\u00f3n de los servicios contenidos en esta p\u00e1gina web, est\u00e1n sometidos a la legislaci\u00f3n y jurisdicci\u00f3n espa\u00f1ola, quedando sometida a ella, tanto nacionales como extranjeros que utilicen esta Web. Los usuarios de esta p\u00e1gina Web son conscientes de todo lo que hay expuesto y lo aceptan voluntariamente.<\/p>\n<p><span style=\"font-size: 15px; font-weight: 300;\">\u00a0<\/span><\/p>\n<p>El acceso a nuestra p\u00e1gina Web por parte del USUARIO es gratuito y est\u00e1 condicionado a la previa lectura y aceptaci\u00f3n integra, expresa y sin reservas de las presentes CONDICIONES GENERALES DE USO vigentes en el momento del acceso, que rogamos lea detenidamente. El USUARIO en el momento que utiliza nuestro portal, sus contenidos o servicios, acepta y se somete expresamente a las condiciones generales de uso del mismo. Si el usuario no estuviera de acuerdo con las presentes condiciones de uso, deber\u00e1 abstenerse de utilizar este portal y operar por medio del mismo.<\/p>\n<p>&nbsp;<\/p>\n<p>En cualquier momento podremos modificar la presentaci\u00f3n y configuraci\u00f3n de nuestra Web, ampliar o reducir servicios, e incluso suprimirla de la red, as\u00ed como los servicios y contenidos prestados, todo ello de forma unilateral y sin previo aviso.<\/p>\n<h5><\/h5>\n<h5><strong>\u00a0<\/strong><\/h5>\n<h5><strong>A. PROPIEDAD INTELECTUAL<\/strong><\/h5>\n<p>Todos los contenidos, textos, im\u00e1genes, marcas y c\u00f3digos fuente son de nuestra propiedad o de terceros a los que se han adquirido sus derechos de explotaci\u00f3n, y est\u00e1n protegidos por los derechos de Propiedad Intelectual e Industrial.<\/p>\n<p>&nbsp;<\/p>\n<p>El usuario \u00fanicamente tiene derecho a un uso privado de los mismos, sin \u00e1nimo de lucro, y necesita autorizaci\u00f3n expresa para modificarlos, reproducirlos, explotarlos, distribuirlos o ejercer cualquier derecho perteneciente a su titular.<\/p>\n<h5><\/h5>\n<h5><strong>\u00a0<\/strong><\/h5>\n<h5><strong>B. CONDICIONES DE ACCESO<\/strong><\/h5>\n<p>El acceso a nuestra p\u00e1gina Web es gratuito y no exige previa suscripci\u00f3n o registro.<\/p>\n<p><span style=\"font-size: 15px; font-weight: 300;\">\u00a0<\/span><\/p>\n<p>El env\u00edo de datos personales implica la aceptaci\u00f3n expresa por parte del USUARIO de nuestra pol\u00edtica de privacidad.<\/p>\n<p>&nbsp;<\/p>\n<p>El usuario debe acceder a nuestra p\u00e1gina Web conforme a la buena fe, las normas de orden p\u00fablico y en las presentes Condiciones Generales de uso. El acceso a nuestro sitio Web se realiza bajo la propia y exclusiva del usuario, que responder\u00e1 en todo caso de los da\u00f1os y perjuicios que pueda causar a terceros o a nosotros mismos.<\/p>\n<p>&nbsp;<\/p>\n<p>Teniendo en cuenta la imposibilidad de control respecto a la informaci\u00f3n, contenidos y servicios que contengan otras p\u00e1ginas web a los que se pueda acceder a trav\u00e9s de los enlaces que nuestra p\u00e1gina web pueda poner a su disposici\u00f3n, le comunicamos que quedamos eximidos de cualquier responsabilidad por los da\u00f1os y perjuicios de toda clase que pudiesen derivar por la utilizaci\u00f3n de esas p\u00e1ginas web ajenas a nuestra empresa, por parte del usuario.<\/p>\n<h5><\/h5>\n<h5 id=\"politica\"><strong>\u00a0<\/strong><\/h5>\n<h5 id=\"politica\"><strong>C. POL\u00cdTICA DE PRIVACIDAD<\/strong><\/h5>\n<p>La confidencialidad y la seguridad son valores primordiales, en consecuencia, asumimos el compromiso de garantizar la privacidad del Usuario en todo momento y de no recabar informaci\u00f3n innecesaria. A continuaci\u00f3n, le proporcionamos toda la informaci\u00f3n necesaria sobre nuestra Pol\u00edtica de Privacidad en relaci\u00f3n con los datos personales que recabamos, explic\u00e1ndolo:<\/p>\n<p><span style=\"font-size: 15px; font-weight: 300;\">\u00a0<\/span><\/p>\n<ul>\n<li> Qui\u00e9n es el responsable del tratamiento de sus datos.<\/li>\n<li> Para qu\u00e9 finalidades recabamos los datos que le solicitamos.<\/li>\n<li> Cu\u00e1l es la legitimaci\u00f3n para su tratamiento.<\/li>\n<li> Durante cu\u00e1nto tiempo los conservamos.<\/li>\n<li> A qu\u00e9 destinatarios se comunican sus datos.<\/li>\n<li> Cu\u00e1les son sus derechos.<\/li>\n<\/ul>\n<div><\/div>\n<div><\/div>\n<p>1. RESPONSABLE<\/p>\n<p><strong>MARTA BELL\u00c9S PETIT<\/strong><\/p>\n<p><strong>47440551-S<\/strong><\/p>\n<p><strong>c\/ Sant Cebri\u00e0, n\u00ba18 &#8211; 08391 Tiana, Barcelona.<\/strong><\/p>\n<p>Tel\u00e9fono: +34 696 65 50 13<\/p>\n<p><strong><a href=\"mailto:hola@martabelles.com\">hola@martabelles.com<\/a><\/strong><\/p>\n<p>&nbsp;<\/p>\n<p>2. FINALIDADES, LEGITIMACI\u00d3N Y CONSERVACI\u00d3N<\/p>\n<p>A trav\u00e9s de los siguientes medios de captaci\u00f3n de datos:<\/p>\n<p>Formulario de contacto y env\u00edo de correo electr\u00f3nico.<\/p>\n<p>Finalidad: Contestar sus solicitudes de informaci\u00f3n, atender sus peticiones y responder sus consultas o dudas.<\/p>\n<p>Legitimaci\u00f3n: El consentimiento del usuario al solicitarnos informaci\u00f3n a trav\u00e9s de la direcci\u00f3n de correo electr\u00f3nico o enviarnos sus datos a trav\u00e9s de nuestro formulario de contacto.<\/p>\n<p>Conservaci\u00f3n: Una vez resulte contestada su petici\u00f3n por correo electr\u00f3nico o por medio de nuestro formulario de contacto, si no ha generado un nuevo tratamiento, o si solicita la eliminaci\u00f3n de los datos.<\/p>\n<p>&nbsp;<\/p>\n<p><strong>Obligaci\u00f3n de facilitarnos sus datos personales y consecuencias de no hacerlo.<\/strong>.<\/p>\n<p>El suministro de datos personales requiere una edad m\u00ednima de 14 a\u00f1os, o en su caso, disponer de capacidad jur\u00eddica suficiente para contratar.<\/p>\n<p>Los datos personales solicitados son necesarios para gestionar sus solicitudes, darle de alta como usuario y\/o prestarle los servicios que pueda contratar, por lo que, si no nos los facilita, no podremos atenderle correctamente ni prestarle el servicio que ha solicitado.<\/p>\n<p>En todo caso, nos reservamos el derecho de decidir sobre la incorporaci\u00f3n o no de sus datos personales y dem\u00e1s informaci\u00f3n a nuestras bases de datos. <\/p>\n<p><span style=\"font-size: 15px; font-weight: 300;\">\u00a0<\/span><\/p>\n<p>3. DESTINATARIOS DE SUS DATOS.<\/p>\n<p>Sus datos son confidenciales y no se ceder\u00e1n a terceros, salvo que exista obligaci\u00f3n legal.<\/p>\n<p><span style=\"font-size: 15px; font-weight: 300;\">\u00a0<\/span><\/p>\n<p>4. DERECHOS EN RELACI\u00d3N CON SUS DATOS PERSONALES.<\/p>\n<p>Cualquier persona puede retirar su consentimiento en cualquier momento, cuando el mismo se haya otorgado para el tratamiento de sus datos. En ning\u00fan caso, la retirada de este consentimiento condiciona la ejecuci\u00f3n del contrato de suscripci\u00f3n o las relaciones generadas con anterioridad.<\/p>\n<p>Igualmente, puede ejercer los siguientes derechos:<\/p>\n<p>&nbsp;<\/p>\n<ul>\n<li> Solicitar el acceso a sus datos personales o su rectificaci\u00f3n cuando sean inexactos.<\/li>\n<li> Solicitar su supresi\u00f3n cuando, entre otros motivos, los datos ya no sean necesarios para los fines para los que fueron recogidos.<\/li>\n<li> Solicitar la limitaci\u00f3n de su tratamiento en determinadas circunstancias.<\/li>\n<li> Solicitar la oposici\u00f3n al tratamiento de sus datos por motivos relacionados con su situaci\u00f3n particular.<\/li>\n<li> Solicitar la portabilidad de los datos en los casos previstos en la normativa.<\/li>\n<li> Otros derechos reconocidos en las normativas aplicables.<\/li>\n<\/ul>\n<div><\/div>\n<p><u>D\u00f3nde y c\u00f3mo solicitar sus Derechos:<\/u> Mediante un escrito dirigido al responsable a su direcci\u00f3n postal o electr\u00f3nica (indicadas en el apartado 1.RESPONSABLE), indicando la referencia \u201cDatos Personales\u201d, especificando el derecho que se quiere ejercer y respecto a qu\u00e9 datos personales.<\/p>\n<p>En caso de divergencias con la empresa en relaci\u00f3n con el tratamiento de sus datos, puede presentar una reclamaci\u00f3n ante la Agencia de Protecci\u00f3n de Datos (<a href=\"https:\/\/www.aepd.es\">www.agpd.es<\/a>).<\/p>\n<p><span style=\"font-size: 15px; font-weight: 300;\">\u00a0<\/span><\/p>\n<p>5. SEGURIDAD DE SUS DATOS PERSONALES<\/p>\n<p>Con el objetivo de salvaguardar la seguridad de sus datos personales, le informamos que hemos adoptado todas las medidas de \u00edndole t\u00e9cnica y organizativa necesarias para garantizar la seguridad de los datos personales suministrados de su alteraci\u00f3n, p\u00e9rdida y tratamientos o accesos no autorizados.<\/p>\n<p><span style=\"font-size: 15px; font-weight: 300;\">\u00a0<\/span><\/p>\n<p>6. ACTUALIZACI\u00d3N DE SUS DATOS<\/p>\n<p>Es importante que para que podamos mantener sus datos personales actualizados, nos informe siempre que haya habido alguna modificaci\u00f3n en ellos, en caso contrario, no respondemos de la veracidad de los mismos.<\/p>\n<p>&nbsp;<\/p>\n<p>No nos hacemos responsables de la pol\u00edtica de privacidad respecto a los datos personales que pueda facilitar a terceros por medio de los enlaces disponibles en nuestra p\u00e1gina web.<\/p>\n<p>&nbsp;<\/p>\n<p>La presente Pol\u00edtica de Privacidad puede ser modificada para adaptarlas a los cambios que se produzca en nuestra web, as\u00ed como modificaciones legislativas o jurisprudenciales sobre datos personales que vayan apareciendo, por lo que exige su lectura, cada vez que nos facilite sus datos a trav\u00e9s de esta Web.<\/p>\n<p>&nbsp;<\/p>\n<h5><\/h5>\n<h5><strong>D. RESPONSABILIDADES<\/strong><\/h5>\n<p>Al poner a disposici\u00f3n del usuario esta p\u00e1gina Web queremos ofrecerle un servicio de calidad, utilizando la m\u00e1xima diligencia en la prestaci\u00f3n del mismo, as\u00ed como en los medios tecnol\u00f3gicos utilizados. No obstante, no responderemos de la presencia de virus y otros elementos que de alg\u00fan modo puedan da\u00f1ar el sistema inform\u00e1tico del usuario. <\/p>\n<p>&nbsp;<\/p>\n<p>No garantizamos que la disponibilidad del servicio sea continua e ininterrumpida.<\/p>\n<p>&nbsp;<\/p>\n<p>El USUARIO tiene prohibido cualquier tipo de acci\u00f3n sobre nuestro portal que origine una excesiva sobrecarga de funcionamiento a nuestros sistemas inform\u00e1ticos, as\u00ed como la introducci\u00f3n de virus, o instalaci\u00f3n de robots, o software que altere el normal funcionamiento de nuestra web, o en definitiva pueda causar da\u00f1os a nuestros sistemas inform\u00e1ticos. <\/p>\n<p>&nbsp;<\/p>\n<p>El USUARIO asume toda la responsabilidad derivada del uso de nuestra p\u00e1gina web.<\/p>\n<p>&nbsp;<\/p>\n<p>El USUARIO reconoce que ha entendido toda la informaci\u00f3n respecto a las condiciones de uso de nuestro portal, y reconoce que son suficientes para la exclusi\u00f3n del error en las mismas, y por tanto, las acepta integra y expresamente.<\/p>\n<p>&nbsp;<\/p>\n<h5><\/h5>\n<h5><strong>E. UTILITZACI\u00d3N DE COOKIES<\/strong><\/h5>\n<p>Advertimos que esta Web utiliza cookies anal\u00edticas con el fin de recoger estad\u00edsticas para mejorar la p\u00e1gina Web. El usuario tiene la opci\u00f3n de impedir la generaci\u00f3n de cookies, mediante la selecci\u00f3n de la correspondiente opci\u00f3n en su programa de navegaci\u00f3n. Para entender y saber m\u00e1s puedes leer nuestra <a href=\"https:\/\/martabelles.com\/es\/politica-de-cookies\/\">pol\u00edtica de cookies<\/a>.<\/p>\n<p>&nbsp;<\/p>\n<p>&nbsp;<\/p>\n<p>&nbsp;<\/p>\n\t\t\t\t\t\t\t\t<\/div>\n\t\t\t\t<\/div>\n\t\t\t\t\t<\/div>\n\t\t<\/div>\n\t\t\t\t\t<\/div>\n\t\t<\/section>\n\t\t\t\t<\/div>\n\t\t","protected":false},"excerpt":{"rendered":"<p>INFORMACI\u00d3N GENERAL Esta p\u00e1gina Web es propiedad de MARTA BELL\u00c9S PETIT amb NIF 47440551-S\u00a0con domicilio a: c\/ Sant&#8230;<\/p>\n","protected":false},"author":1,"featured_media":0,"parent":0,"menu_order":0,"comment_status":"closed","ping_status":"closed","template":"","meta":{"_acf_changed":false,"footnotes":""},"class_list":["post-30948","page","type-page","status-publish","hentry"],"acf":[],"yoast_head":"<!-- This site is optimized with the Yoast SEO plugin v27.3 - https:\/\/yoast.com\/product\/yoast-seo-wordpress\/ -->\n<title>Marta Bell\u00e9s &#8212; Disseny gr\u00e0fic &amp; il\u00b7lustraci\u00f3<\/title>\n<meta name=\"description\" content=\"Marta Bell\u00e9s. Dissenyadora gr\u00e0fica i il\u00b7lustradora. Entre Tiana, Barcelona i Vic. Projectes de branding, retail, editorial, web i il\u00b7lustraci\u00f3.\" \/>\n<meta name=\"robots\" content=\"noindex, follow\" \/>\n<meta property=\"og:locale\" content=\"es_ES\" \/>\n<meta property=\"og:type\" content=\"article\" \/>\n<meta property=\"og:title\" content=\"Marta Bell\u00e9s &#8212; Disseny gr\u00e0fic &amp; il\u00b7lustraci\u00f3\" \/>\n<meta property=\"og:description\" content=\"Marta Bell\u00e9s. Dissenyadora gr\u00e0fica i il\u00b7lustradora. Entre Tiana, Barcelona i Vic. Projectes de branding, retail, editorial, web i il\u00b7lustraci\u00f3.\" \/>\n<meta property=\"og:url\" content=\"https:\/\/martabelles.com\/es\/aviso-legal\/\" \/>\n<meta property=\"og:site_name\" content=\"Marta Bell\u00e9s\" \/>\n<meta property=\"article:publisher\" content=\"https:\/\/www.facebook.com\/by.martabelles\/\" \/>\n<meta property=\"article:modified_time\" content=\"2021-01-18T14:12:45+00:00\" \/>\n<meta name=\"twitter:card\" content=\"summary_large_image\" \/>\n<meta name=\"twitter:site\" content=\"@martabelles_\" \/>\n<meta name=\"twitter:label1\" content=\"Tiempo de lectura\" \/>\n\t<meta name=\"twitter:data1\" content=\"8 minutos\" \/>\n<script type=\"application\/ld+json\" class=\"yoast-schema-graph\">{\"@context\":\"https:\\\/\\\/schema.org\",\"@graph\":[{\"@type\":\"WebPage\",\"@id\":\"https:\\\/\\\/martabelles.com\\\/es\\\/aviso-legal\\\/\",\"url\":\"https:\\\/\\\/martabelles.com\\\/es\\\/aviso-legal\\\/\",\"name\":\"Marta Bell\u00e9s &#8212; Disseny gr\u00e0fic & il\u00b7lustraci\u00f3\",\"isPartOf\":{\"@id\":\"https:\\\/\\\/martabelles.com\\\/#website\"},\"datePublished\":\"2020-04-16T13:11:49+00:00\",\"dateModified\":\"2021-01-18T14:12:45+00:00\",\"description\":\"Marta Bell\u00e9s. Dissenyadora gr\u00e0fica i il\u00b7lustradora. Entre Tiana, Barcelona i Vic. Projectes de branding, retail, editorial, web i il\u00b7lustraci\u00f3.\",\"breadcrumb\":{\"@id\":\"https:\\\/\\\/martabelles.com\\\/es\\\/aviso-legal\\\/#breadcrumb\"},\"inLanguage\":\"es\",\"potentialAction\":[{\"@type\":\"ReadAction\",\"target\":[\"https:\\\/\\\/martabelles.com\\\/es\\\/aviso-legal\\\/\"]}]},{\"@type\":\"BreadcrumbList\",\"@id\":\"https:\\\/\\\/martabelles.com\\\/es\\\/aviso-legal\\\/#breadcrumb\",\"itemListElement\":[{\"@type\":\"ListItem\",\"position\":1,\"name\":\"Inici\",\"item\":\"https:\\\/\\\/martabelles.com\\\/\"},{\"@type\":\"ListItem\",\"position\":2,\"name\":\"Aviso Legal\"}]},{\"@type\":\"WebSite\",\"@id\":\"https:\\\/\\\/martabelles.com\\\/#website\",\"url\":\"https:\\\/\\\/martabelles.com\\\/\",\"name\":\"Marta Bell\u00e9s\",\"description\":\"Graphic Design &amp; Illustration\",\"potentialAction\":[{\"@type\":\"SearchAction\",\"target\":{\"@type\":\"EntryPoint\",\"urlTemplate\":\"https:\\\/\\\/martabelles.com\\\/?s={search_term_string}\"},\"query-input\":{\"@type\":\"PropertyValueSpecification\",\"valueRequired\":true,\"valueName\":\"search_term_string\"}}],\"inLanguage\":\"es\"}]}<\/script>\n<!-- \/ Yoast SEO plugin. -->","yoast_head_json":{"title":"Marta Bell\u00e9s &#8212; Disseny gr\u00e0fic & il\u00b7lustraci\u00f3","description":"Marta Bell\u00e9s. Dissenyadora gr\u00e0fica i il\u00b7lustradora. Entre Tiana, Barcelona i Vic. Projectes de branding, retail, editorial, web i il\u00b7lustraci\u00f3.","robots":{"index":"noindex","follow":"follow"},"og_locale":"es_ES","og_type":"article","og_title":"Marta Bell\u00e9s &#8212; Disseny gr\u00e0fic & il\u00b7lustraci\u00f3","og_description":"Marta Bell\u00e9s. Dissenyadora gr\u00e0fica i il\u00b7lustradora. Entre Tiana, Barcelona i Vic. Projectes de branding, retail, editorial, web i il\u00b7lustraci\u00f3.","og_url":"https:\/\/martabelles.com\/es\/aviso-legal\/","og_site_name":"Marta Bell\u00e9s","article_publisher":"https:\/\/www.facebook.com\/by.martabelles\/","article_modified_time":"2021-01-18T14:12:45+00:00","twitter_card":"summary_large_image","twitter_site":"@martabelles_","twitter_misc":{"Tiempo de lectura":"8 minutos"},"schema":{"@context":"https:\/\/schema.org","@graph":[{"@type":"WebPage","@id":"https:\/\/martabelles.com\/es\/aviso-legal\/","url":"https:\/\/martabelles.com\/es\/aviso-legal\/","name":"Marta Bell\u00e9s &#8212; Disseny gr\u00e0fic & il\u00b7lustraci\u00f3","isPartOf":{"@id":"https:\/\/martabelles.com\/#website"},"datePublished":"2020-04-16T13:11:49+00:00","dateModified":"2021-01-18T14:12:45+00:00","description":"Marta Bell\u00e9s. Dissenyadora gr\u00e0fica i il\u00b7lustradora. Entre Tiana, Barcelona i Vic. Projectes de branding, retail, editorial, web i il\u00b7lustraci\u00f3.","breadcrumb":{"@id":"https:\/\/martabelles.com\/es\/aviso-legal\/#breadcrumb"},"inLanguage":"es","potentialAction":[{"@type":"ReadAction","target":["https:\/\/martabelles.com\/es\/aviso-legal\/"]}]},{"@type":"BreadcrumbList","@id":"https:\/\/martabelles.com\/es\/aviso-legal\/#breadcrumb","itemListElement":[{"@type":"ListItem","position":1,"name":"Inici","item":"https:\/\/martabelles.com\/"},{"@type":"ListItem","position":2,"name":"Aviso Legal"}]},{"@type":"WebSite","@id":"https:\/\/martabelles.com\/#website","url":"https:\/\/martabelles.com\/","name":"Marta Bell\u00e9s","description":"Graphic Design &amp; Illustration","potentialAction":[{"@type":"SearchAction","target":{"@type":"EntryPoint","urlTemplate":"https:\/\/martabelles.com\/?s={search_term_string}"},"query-input":{"@type":"PropertyValueSpecification","valueRequired":true,"valueName":"search_term_string"}}],"inLanguage":"es"}]}},"_links":{"self":[{"href":"https:\/\/martabelles.com\/es\/wp-json\/wp\/v2\/pages\/30948","targetHints":{"allow":["GET"]}}],"collection":[{"href":"https:\/\/martabelles.com\/es\/wp-json\/wp\/v2\/pages"}],"about":[{"href":"https:\/\/martabelles.com\/es\/wp-json\/wp\/v2\/types\/page"}],"author":[{"embeddable":true,"href":"https:\/\/martabelles.com\/es\/wp-json\/wp\/v2\/users\/1"}],"replies":[{"embeddable":true,"href":"https:\/\/martabelles.com\/es\/wp-json\/wp\/v2\/comments?post=30948"}],"version-history":[{"count":13,"href":"https:\/\/martabelles.com\/es\/wp-json\/wp\/v2\/pages\/30948\/revisions"}],"predecessor-version":[{"id":31984,"href":"https:\/\/martabelles.com\/es\/wp-json\/wp\/v2\/pages\/30948\/revisions\/31984"}],"wp:attachment":[{"href":"https:\/\/martabelles.com\/es\/wp-json\/wp\/v2\/media?parent=30948"}],"curies":[{"name":"wp","href":"https:\/\/api.w.org\/{rel}","templated":true}]}}