{"id":30906,"date":"2020-04-16T11:29:23","date_gmt":"2020-04-16T09:29:23","guid":{"rendered":"https:\/\/martabelles.com\/politica-de-cookies\/"},"modified":"2020-04-24T13:21:11","modified_gmt":"2020-04-24T11:21:11","slug":"politica-de-cookies","status":"publish","type":"page","link":"https:\/\/martabelles.com\/es\/politica-de-cookies\/","title":{"rendered":"Pol\u00edtica de cookies"},"content":{"rendered":"\t\t<div data-elementor-type=\"wp-page\" data-elementor-id=\"30906\" class=\"elementor elementor-30906 elementor-30424\">\n\t\t\t\t\t\t<section class=\"elementor-section elementor-top-section elementor-element elementor-element-359bfbf elementor-section-boxed elementor-section-height-default elementor-section-height-default neuron-fixed-no\" data-id=\"359bfbf\" data-element_type=\"section\" data-e-type=\"section\">\n\t\t\t\t\t\t<div class=\"elementor-container elementor-column-gap-default\">\n\t\t\t\t\t<div class=\"elementor-column elementor-col-100 elementor-top-column elementor-element elementor-element-0d9be0c\" data-id=\"0d9be0c\" data-element_type=\"column\" data-e-type=\"column\">\n\t\t\t<div class=\"elementor-widget-wrap elementor-element-populated\">\n\t\t\t\t\t\t<div class=\"elementor-element elementor-element-c1dd43f elementor-widget elementor-widget-text-editor\" data-id=\"c1dd43f\" data-element_type=\"widget\" data-e-type=\"widget\" id=\"cookies\" data-widget_type=\"text-editor.default\">\n\t\t\t\t<div class=\"elementor-widget-container\">\n\t\t\t\t\t\t\t\t\t<p>La mayor\u00eda de las p\u00e1ginas web que visitas hoy en d\u00eda utilizan cookies de un modo u otro para mejorar la experiencia del usuario y mejorar los servicios y funcionalidades del sitio web. Para que te puedas hacer una idea sobre las cookies, esta pol\u00edtica describe qu\u00e9 son las cookies, qu\u00e9 diferentes tipos de cookies hay, como las utilizamos en nuestra p\u00e1gina web y que tienes que hacer si deseas configurar los par\u00e1metros de las cookies. Ten en cuenta, que utilizando nuestro sitio web, aceptas nuestro uso de cookies tal y como se describe en esta pol\u00edtica de cookies.<\/p>\n<h5><b>\u00a0<\/b><\/h5>\n<h5><b>\u00bfQU\u00c9 ES UNA COOKIE?<\/b><\/h5>\n<p>Las cookies son cadenas de informaci\u00f3n (s\u00f3lo texto) que guardamos en tu ordenador de sobremesa, port\u00e1til o dispositivo m\u00f3vil cuando visitas un sitio web. A continuaci\u00f3n, cada vez que vuelvas a visitar este sitio web, el navegador web vuelve a enviar estas cookies en este sitio web, u otro sitio web que reconozca estas cookies. Las cookies son muy \u00fatiles, y pueden usarse para diferentes motivos, como permitir navegar entre p\u00e1ginas con m\u00e1s eficacia, recordar tus preferencias, de este modo acelera y facilita tu interacci\u00f3n con el sitio web. Las cookies tambi\u00e9n se utilizan para contribuir a garantizar que la publicidad que ves en l\u00ednea sea relevante para tus gustos e intereses.<\/p>\n<h5><b>\u00a0<\/b><\/h5>\n<h5><b>INSTALACI\u00d3N Y ALMACENAMIENTO DE COOKIES<\/b><\/h5>\n<p>Las cookies se pueden instalar tanto para el sitio web que est\u00e1s visitando ( \u201ccookies de origen\u201d) como para sitios web de terceros que tienen contenido en el sitio web que est\u00e1s visitando ( \u201ccookies de terceros\u201d). Se pueden guardar mientras visitas la web, o por repetidas visitas. Utilizaremos los siguientes t\u00e9rminos para describir el almacenamiento de cookies:<span style=\"font-size: 15px; font-weight: 300;\">\u00a0<\/span><\/p>\n<p><span style=\"font-size: 15px; font-weight: 300;\">\u00a0<\/span><\/p>\n<ul>\n<li><b>Cookie de sessi\u00f3n<\/b>: cookie que nos permite monitorizar tus acciones durante una sesi\u00f3n de navegador. Una sesi\u00f3n de navegador comienza cuando abres la ventana del navegador, y finaliza cuando la cierras. Las cookies de sesi\u00f3n se crean de forma temporal, y se borran una vez se cierra la ventana del navegador.<\/li>\n<\/ul>\n<ul>\n<li><b>Cookie permanente<\/b>: cookie que permanece en tu dispositivo durante el per\u00edodo de tiempo especificado en la cookie, y que se activa cada vez que visitas el sitio web en el que se cre\u00f3 esta cookie en particular.<\/li>\n<\/ul>\n<div><\/div>\n<div>\u00a0<b style=\"color: #000000; font-size: 1.58333rem; font-style: inherit;\">TIPO DE COOKIES<\/b><\/div>\n<p>Hay cuatro tipos principales de cookies:<\/p>\n<p><span style=\"font-size: 15px; font-weight: 300;\">\u00a0<\/span><\/p>\n<ul>\n<li><b>Cookies t\u00e9cnicas<\/b>: son estrictamente necesarias y esenciales para que puedas navegar y utilizar las funciones de un sitio web, o para obtener los servicios que solicitas. No necesitamos tu consentimiento para utilizar este tipo de cookies.<\/li>\n<\/ul>\n<ul>\n<li><b>Cookies de personalitzaci\u00f3n<\/b>: estas cookies permiten que el sitio web recuerde las elecciones que haces (como tu nombre de usuario, tu idioma o la zona donde te encuentras), y ofrecen funciones mejores y m\u00e1s personales.<\/li>\n<\/ul>\n<ul>\n<li><b>Cookies de an\u00e1lisis<\/b>: estas cookies recopilan informaci\u00f3n sobre c\u00f3mo utilizas un sitio web, por ejemplo, las p\u00e1ginas que visitas m\u00e1s a menudo, o si recibes mensajes de error. Estas cookies no recogen informaci\u00f3n que te identifique. Toda la informaci\u00f3n recogida por estas cookies es agregada y, por tanto, an\u00f3nima. S\u00f3lo se utilizan para mejorar el modo de funcionamiento del sitio web.<\/li>\n<\/ul>\n<ul>\n<li><b>Cookies publicitarias<\/b>: estas cookies se utilizan para mostrar publicidad relevante para tus gustos e intereses. Tambi\u00e9n se utilizan para limitar el n\u00famero de veces que ves un mismo anuncio publicitario y, adem\u00e1s, ayudan a medir la eficacia de una campa\u00f1a de publicidad. Las redes publicitarias suelen ser las encargadas de instalar, con permiso del operador del sitio web. Estas cookies recuerdan que ya has visitado un sitio web con anterioridad, y comparten esta informaci\u00f3n con otras organizaciones, como los anunciantes.<\/li>\n<\/ul>\n<div><\/div>\n<div>\u00a0<b style=\"color: #000000; font-size: 1.58333rem; font-style: inherit;\">\u00bfQU\u00c9 COOKIES UTILIZAMOS?<\/b><\/div>\n<p>Nuestra p\u00e1gina web utiliza s\u00f3lo cookies de an\u00e1lisis.<\/p>\n<p>&nbsp;<\/p>\n<ul>\n<li><b>Cookies de an\u00e1lisis de terceros:\u00a0<\/b>que utilizamos para la generaci\u00f3n de estad\u00edsticas de visita en Google Analytics. Google Analytics es un servicio de anal\u00edtica web proporcionado por Google que instala cookies para evaluar nuestros servicios online y para proporcionar informes sobre el uso que hacen los usuarios sobre nuestros servicios, de esta manera comprobamos y mejoramos nuestra p\u00e1gina web. Google Analytics utiliza tanto cookies de sesi\u00f3n como cookies permanentes. Estas \u00faltimas suelen tener una duraci\u00f3n que va desde los seis meses hasta los dos a\u00f1os.<\/li>\n<\/ul>\n<p>Ten en cuenta que no utilizamos ninguna cookie anal\u00edtica para recopilar informaci\u00f3n personal que te identifique. Excepto en el caso descrito anteriormente, nunca compartimos con terceros la informaci\u00f3n recogida con cookies.<\/p>\n<p><span style=\"font-size: 15px; font-weight: 300;\">\u00a0<\/span><span style=\"font-size: 15px; font-weight: 300;\">\u00a0<\/span><\/p>\n<h5><b>CONFIGURACI\u00d3N DE LAS COOKIES<\/b><\/h5>\n<p>Puedes administrar y controlar la configuraci\u00f3n de las cookies de varias formas. No olvides que, si borras o deshabilitar las cookies, algunas o todas las p\u00e1ginas web que visitas (o funciones de estas p\u00e1ginas) no funcionar\u00e1n correctamente o tan eficazmente como antes. La mayor\u00eda de los navegadores web te proporcionar\u00e1n informaci\u00f3n general sobre cookies, permitiendo ver qu\u00e9 cookies tienes, borrar todas o por separado, y tambi\u00e9n bloquear o permitir cookies de todas las p\u00e1ginas web o de p\u00e1ginas web seleccionadas individualmente. Tambi\u00e9n puedes desactivar cookies publicitarias de terceros por separado. Ten en cuenta que si configuras la configuraci\u00f3n de cookies desde tu navegador web, los cambios afectar\u00e1n a todas las p\u00e1ginas web que visitas (no s\u00f3lo la nuestra), a menos que borres o bloquees cada cookie por separado.<\/p>\n<p>&nbsp;<\/p>\n<p><b>Deshabilitar cookies desde tu navegador web<\/b><\/p>\n<p>Encontrar\u00e1s informaci\u00f3n sobre cookies en el apartado de \u201cAyuda\u201d del navegador web. A continuaci\u00f3n te ofrecemos algunos enlaces de estos apartados de los navegadores web m\u00e1s comunes:<\/p>\n<p>&nbsp;<\/p>\n<ul>\n<li><a href=\"http:\/\/support.microsoft.com\/kb\/196955\">Internet Explorer<\/a><\/li>\n<li><a href=\"http:\/\/support.google.com\/chrome\/bin\/answer.py?hl=en&amp;answer=95647\">Google Chrome<\/a><\/li>\n<li><a href=\"http:\/\/support.google.com\/android\/?hl=en\">Google Android<\/a><\/li>\n<li><a href=\"http:\/\/support.mozilla.org\/en-US\/kb\/cookies-information-websites-store-on-your-computer?redirectlocale=en-US&amp;redirectslug=Cookies\">Mozilla Firefox<\/a><\/li>\n<li><a href=\"http:\/\/www.opera.com\/browser\/tutorials\/security\/privacy\/\">Opera<\/a><\/li>\n<li><a href=\"http:\/\/www.apple.com\/support\/safari\/\">Safari<\/a><\/li>\n<li><a href=\"http:\/\/docs.blackberry.com\/en\/smartphone_users\/deliverables\/32004\/Browser_settings_32784_11.jsp\">Blackberry<\/a><\/li>\n<\/ul>\n<p><b>\u00a0<\/b><\/p>\n<p><b>Deshabilitar cookies de terceros<\/b><\/p>\n<p>Puedes desactivar las cookies de Adobe Flash Player de terceros visitando el siguiente enlace: <a href=\"http:\/\/helpx.adobe.com\/flash-player\/kb\/disable-local-shared-objects-flash.html\">Adobe Flash Player<\/a><\/p>\n<p>Puedes evitar que las galletas de ejecuci\u00f3n de terceros que utilizamos guarden la informaci\u00f3n de tus movimientos en la web de forma an\u00f3nima visitando la p\u00e1gina web de la compa\u00f1\u00eda correspondiente:\u00a0<a href=\"https:\/\/tools.google.com\/dlpage\/gaoptout\">Google Analytics<\/a><\/p>\n<p>Recuerda que si deshabilita las cookies de an\u00e1lisis mencionadas, no podemos saber lo que te gusta o no te gusta de nuestras p\u00e1ginas. As\u00ed nos resulta m\u00e1s dif\u00edcil mejorar nuestro sitio web y mejorar tu experiencia de usuario.<\/p>\n<p>&nbsp;<\/p>\n<p>&nbsp;<\/p>\n\t\t\t\t\t\t\t\t<\/div>\n\t\t\t\t<\/div>\n\t\t\t\t\t<\/div>\n\t\t<\/div>\n\t\t\t\t\t<\/div>\n\t\t<\/section>\n\t\t\t\t<\/div>\n\t\t","protected":false},"excerpt":{"rendered":"<p>La mayor\u00eda de las p\u00e1ginas web que visitas hoy en d\u00eda utilizan cookies de un modo u otro&#8230;<\/p>\n","protected":false},"author":1,"featured_media":0,"parent":0,"menu_order":0,"comment_status":"closed","ping_status":"closed","template":"","meta":{"_acf_changed":false,"footnotes":""},"class_list":["post-30906","page","type-page","status-publish","hentry"],"acf":[],"yoast_head":"<!-- This site is optimized with the Yoast SEO plugin v27.4 - https:\/\/yoast.com\/product\/yoast-seo-wordpress\/ -->\n<title>Marta Bell\u00e9s &#8212; Disseny gr\u00e0fic &amp; il\u00b7lustraci\u00f3<\/title>\n<meta name=\"description\" content=\"Marta Bell\u00e9s. Dissenyadora gr\u00e0fica i il\u00b7lustradora. Entre Tiana, Barcelona i Vic. Projectes de branding, retail, editorial, web i il\u00b7lustraci\u00f3.\" \/>\n<meta name=\"robots\" content=\"noindex, follow\" \/>\n<meta property=\"og:locale\" content=\"es_ES\" \/>\n<meta property=\"og:type\" content=\"article\" \/>\n<meta property=\"og:title\" content=\"Marta Bell\u00e9s &#8212; Disseny gr\u00e0fic &amp; il\u00b7lustraci\u00f3\" \/>\n<meta property=\"og:description\" content=\"Marta Bell\u00e9s. Dissenyadora gr\u00e0fica i il\u00b7lustradora. Entre Tiana, Barcelona i Vic. Projectes de branding, retail, editorial, web i il\u00b7lustraci\u00f3.\" \/>\n<meta property=\"og:url\" content=\"https:\/\/martabelles.com\/es\/politica-de-cookies\/\" \/>\n<meta property=\"og:site_name\" content=\"Marta Bell\u00e9s\" \/>\n<meta property=\"article:publisher\" content=\"https:\/\/www.facebook.com\/by.martabelles\/\" \/>\n<meta property=\"article:modified_time\" content=\"2020-04-24T11:21:11+00:00\" \/>\n<meta name=\"twitter:card\" content=\"summary_large_image\" \/>\n<meta name=\"twitter:site\" content=\"@martabelles_\" \/>\n<meta name=\"twitter:label1\" content=\"Tiempo de lectura\" \/>\n\t<meta name=\"twitter:data1\" content=\"5 minutos\" \/>\n<script type=\"application\/ld+json\" class=\"yoast-schema-graph\">{\"@context\":\"https:\\\/\\\/schema.org\",\"@graph\":[{\"@type\":\"WebPage\",\"@id\":\"https:\\\/\\\/martabelles.com\\\/es\\\/politica-de-cookies\\\/\",\"url\":\"https:\\\/\\\/martabelles.com\\\/es\\\/politica-de-cookies\\\/\",\"name\":\"Marta Bell\u00e9s &#8212; Disseny gr\u00e0fic & il\u00b7lustraci\u00f3\",\"isPartOf\":{\"@id\":\"https:\\\/\\\/martabelles.com\\\/#website\"},\"datePublished\":\"2020-04-16T09:29:23+00:00\",\"dateModified\":\"2020-04-24T11:21:11+00:00\",\"description\":\"Marta Bell\u00e9s. Dissenyadora gr\u00e0fica i il\u00b7lustradora. Entre Tiana, Barcelona i Vic. Projectes de branding, retail, editorial, web i il\u00b7lustraci\u00f3.\",\"breadcrumb\":{\"@id\":\"https:\\\/\\\/martabelles.com\\\/es\\\/politica-de-cookies\\\/#breadcrumb\"},\"inLanguage\":\"es\",\"potentialAction\":[{\"@type\":\"ReadAction\",\"target\":[\"https:\\\/\\\/martabelles.com\\\/es\\\/politica-de-cookies\\\/\"]}]},{\"@type\":\"BreadcrumbList\",\"@id\":\"https:\\\/\\\/martabelles.com\\\/es\\\/politica-de-cookies\\\/#breadcrumb\",\"itemListElement\":[{\"@type\":\"ListItem\",\"position\":1,\"name\":\"Inici\",\"item\":\"https:\\\/\\\/martabelles.com\\\/\"},{\"@type\":\"ListItem\",\"position\":2,\"name\":\"Pol\u00edtica de cookies\"}]},{\"@type\":\"WebSite\",\"@id\":\"https:\\\/\\\/martabelles.com\\\/#website\",\"url\":\"https:\\\/\\\/martabelles.com\\\/\",\"name\":\"Marta Bell\u00e9s\",\"description\":\"Graphic Design &amp; Illustration\",\"potentialAction\":[{\"@type\":\"SearchAction\",\"target\":{\"@type\":\"EntryPoint\",\"urlTemplate\":\"https:\\\/\\\/martabelles.com\\\/?s={search_term_string}\"},\"query-input\":{\"@type\":\"PropertyValueSpecification\",\"valueRequired\":true,\"valueName\":\"search_term_string\"}}],\"inLanguage\":\"es\"}]}<\/script>\n<!-- \/ Yoast SEO plugin. -->","yoast_head_json":{"title":"Marta Bell\u00e9s &#8212; Disseny gr\u00e0fic & il\u00b7lustraci\u00f3","description":"Marta Bell\u00e9s. Dissenyadora gr\u00e0fica i il\u00b7lustradora. Entre Tiana, Barcelona i Vic. Projectes de branding, retail, editorial, web i il\u00b7lustraci\u00f3.","robots":{"index":"noindex","follow":"follow"},"og_locale":"es_ES","og_type":"article","og_title":"Marta Bell\u00e9s &#8212; Disseny gr\u00e0fic & il\u00b7lustraci\u00f3","og_description":"Marta Bell\u00e9s. Dissenyadora gr\u00e0fica i il\u00b7lustradora. Entre Tiana, Barcelona i Vic. Projectes de branding, retail, editorial, web i il\u00b7lustraci\u00f3.","og_url":"https:\/\/martabelles.com\/es\/politica-de-cookies\/","og_site_name":"Marta Bell\u00e9s","article_publisher":"https:\/\/www.facebook.com\/by.martabelles\/","article_modified_time":"2020-04-24T11:21:11+00:00","twitter_card":"summary_large_image","twitter_site":"@martabelles_","twitter_misc":{"Tiempo de lectura":"5 minutos"},"schema":{"@context":"https:\/\/schema.org","@graph":[{"@type":"WebPage","@id":"https:\/\/martabelles.com\/es\/politica-de-cookies\/","url":"https:\/\/martabelles.com\/es\/politica-de-cookies\/","name":"Marta Bell\u00e9s &#8212; Disseny gr\u00e0fic & il\u00b7lustraci\u00f3","isPartOf":{"@id":"https:\/\/martabelles.com\/#website"},"datePublished":"2020-04-16T09:29:23+00:00","dateModified":"2020-04-24T11:21:11+00:00","description":"Marta Bell\u00e9s. Dissenyadora gr\u00e0fica i il\u00b7lustradora. Entre Tiana, Barcelona i Vic. Projectes de branding, retail, editorial, web i il\u00b7lustraci\u00f3.","breadcrumb":{"@id":"https:\/\/martabelles.com\/es\/politica-de-cookies\/#breadcrumb"},"inLanguage":"es","potentialAction":[{"@type":"ReadAction","target":["https:\/\/martabelles.com\/es\/politica-de-cookies\/"]}]},{"@type":"BreadcrumbList","@id":"https:\/\/martabelles.com\/es\/politica-de-cookies\/#breadcrumb","itemListElement":[{"@type":"ListItem","position":1,"name":"Inici","item":"https:\/\/martabelles.com\/"},{"@type":"ListItem","position":2,"name":"Pol\u00edtica de cookies"}]},{"@type":"WebSite","@id":"https:\/\/martabelles.com\/#website","url":"https:\/\/martabelles.com\/","name":"Marta Bell\u00e9s","description":"Graphic Design &amp; Illustration","potentialAction":[{"@type":"SearchAction","target":{"@type":"EntryPoint","urlTemplate":"https:\/\/martabelles.com\/?s={search_term_string}"},"query-input":{"@type":"PropertyValueSpecification","valueRequired":true,"valueName":"search_term_string"}}],"inLanguage":"es"}]}},"_links":{"self":[{"href":"https:\/\/martabelles.com\/es\/wp-json\/wp\/v2\/pages\/30906","targetHints":{"allow":["GET"]}}],"collection":[{"href":"https:\/\/martabelles.com\/es\/wp-json\/wp\/v2\/pages"}],"about":[{"href":"https:\/\/martabelles.com\/es\/wp-json\/wp\/v2\/types\/page"}],"author":[{"embeddable":true,"href":"https:\/\/martabelles.com\/es\/wp-json\/wp\/v2\/users\/1"}],"replies":[{"embeddable":true,"href":"https:\/\/martabelles.com\/es\/wp-json\/wp\/v2\/comments?post=30906"}],"version-history":[{"count":7,"href":"https:\/\/martabelles.com\/es\/wp-json\/wp\/v2\/pages\/30906\/revisions"}],"predecessor-version":[{"id":31350,"href":"https:\/\/martabelles.com\/es\/wp-json\/wp\/v2\/pages\/30906\/revisions\/31350"}],"wp:attachment":[{"href":"https:\/\/martabelles.com\/es\/wp-json\/wp\/v2\/media?parent=30906"}],"curies":[{"name":"wp","href":"https:\/\/api.w.org\/{rel}","templated":true}]}}