{"id":30861,"date":"2020-04-15T15:31:52","date_gmt":"2020-04-15T13:31:52","guid":{"rendered":"https:\/\/martabelles.com\/contact\/"},"modified":"2020-05-23T12:54:41","modified_gmt":"2020-05-23T10:54:41","slug":"contact","status":"publish","type":"page","link":"https:\/\/martabelles.com\/es\/contact\/","title":{"rendered":"Contact"},"content":{"rendered":"\t\t<div data-elementor-type=\"wp-post\" data-elementor-id=\"30861\" class=\"elementor elementor-30861 elementor-37\">\n\t\t\t\t\t\t<section class=\"elementor-section elementor-top-section elementor-element elementor-element-16a15d9a elementor-section-full_width elementor-section-height-min-height elementor-section-items-stretch elementor-section-height-default neuron-fixed-no\" data-id=\"16a15d9a\" data-element_type=\"section\" data-e-type=\"section\">\n\t\t\t\t\t\t<div class=\"elementor-container elementor-column-gap-no\">\n\t\t\t\t\t<div class=\"elementor-column elementor-col-50 elementor-top-column elementor-element elementor-element-3b7bd2e6\" data-id=\"3b7bd2e6\" data-element_type=\"column\" data-e-type=\"column\">\n\t\t\t<div class=\"elementor-widget-wrap elementor-element-populated\">\n\t\t\t\t\t\t<section class=\"elementor-section elementor-inner-section elementor-element elementor-element-4c58759b elementor-section-full_width elementor-section-height-default elementor-section-height-default neuron-fixed-no\" data-id=\"4c58759b\" data-element_type=\"section\" data-e-type=\"section\">\n\t\t\t\t\t\t<div class=\"elementor-container elementor-column-gap-default\">\n\t\t\t\t\t<div class=\"elementor-column elementor-col-100 elementor-inner-column elementor-element elementor-element-9b1970d\" data-id=\"9b1970d\" data-element_type=\"column\" data-e-type=\"column\">\n\t\t\t<div class=\"elementor-widget-wrap elementor-element-populated\">\n\t\t\t\t\t\t<div class=\"elementor-element elementor-element-7627511 elementor-widget elementor-widget-heading\" data-id=\"7627511\" data-element_type=\"widget\" data-e-type=\"widget\" data-widget_type=\"heading.default\">\n\t\t\t\t<div class=\"elementor-widget-container\">\n\t\t\t\t\t<h4 class=\"elementor-heading-title elementor-size-default\"><br><br>\u00bfEmpezamos? <\/h4>\t\t\t\t<\/div>\n\t\t\t\t<\/div>\n\t\t\t\t<div class=\"elementor-element elementor-element-8e57132 elementor-widget elementor-widget-text-editor\" data-id=\"8e57132\" data-element_type=\"widget\" data-e-type=\"widget\" data-widget_type=\"text-editor.default\">\n\t\t\t\t<div class=\"elementor-widget-container\">\n\t\t\t\t\t\t\t\t\t\n<div class=\"wpcf7 no-js\" id=\"wpcf7-f30860-o1\" lang=\"es-ES\" dir=\"ltr\" data-wpcf7-id=\"30860\">\n<div class=\"screen-reader-response\"><p role=\"status\" aria-live=\"polite\" aria-atomic=\"true\"><\/p> <ul><\/ul><\/div>\n<form action=\"\/es\/wp-json\/wp\/v2\/pages\/30861#wpcf7-f30860-o1\" method=\"post\" class=\"wpcf7-form init wpcf7-acceptance-as-validation\" aria-label=\"Formulario de contacto\" novalidate=\"novalidate\" data-status=\"init\">\n<fieldset class=\"hidden-fields-container\"><input type=\"hidden\" name=\"_wpcf7\" value=\"30860\" \/><input type=\"hidden\" name=\"_wpcf7_version\" value=\"6.1.5\" \/><input type=\"hidden\" name=\"_wpcf7_locale\" value=\"es_ES\" \/><input type=\"hidden\" name=\"_wpcf7_unit_tag\" value=\"wpcf7-f30860-o1\" \/><input type=\"hidden\" name=\"_wpcf7_container_post\" value=\"0\" \/><input type=\"hidden\" name=\"_wpcf7_posted_data_hash\" value=\"\" \/><input type=\"hidden\" name=\"_wpcf7_recaptcha_response\" value=\"\" \/>\n<\/fieldset>\n<div class=\"row\">\n\t<div class=\"col-sm-12 h-medium-bottom-padding\">\n\t\t<p><label>Nombre<\/label><br \/>\n<span class=\"wpcf7-form-control-wrap\" data-name=\"your-name\"><input size=\"40\" maxlength=\"400\" class=\"wpcf7-form-control wpcf7-text wpcf7-validates-as-required\" aria-required=\"true\" aria-invalid=\"false\" value=\"\" type=\"text\" name=\"your-name\" \/><\/span>\n\t\t<\/p>\n\t<\/div>\n\t<div class=\"col-sm-12 h-medium-bottom-padding\">\n\t\t<p><label>Email<\/label><br \/>\n<span class=\"wpcf7-form-control-wrap\" data-name=\"your-email\"><input size=\"40\" maxlength=\"400\" class=\"wpcf7-form-control wpcf7-email wpcf7-validates-as-required wpcf7-text wpcf7-validates-as-email\" aria-required=\"true\" aria-invalid=\"false\" value=\"\" type=\"email\" name=\"your-email\" \/><\/span>\n\t\t<\/p>\n\t<\/div>\n\t<div class=\"col-12\">\n\t\t<p><label>Mensaje<\/label><br \/>\n<span class=\"wpcf7-form-control-wrap\" data-name=\"your-message\"><textarea cols=\"40\" rows=\"10\" maxlength=\"2000\" class=\"wpcf7-form-control wpcf7-textarea wpcf7-validates-as-required\" aria-required=\"true\" aria-invalid=\"false\" name=\"your-message\"><\/textarea><\/span><br \/>\n<input class=\"wpcf7-form-control wpcf7-submit has-spinner\" type=\"submit\" value=\"Enviar\" \/>\n\t\t<\/p>\n\t<\/div>\n\t<p><span class=\"wpcf7-form-control-wrap\" data-name=\"acceptance-141\"><span class=\"wpcf7-form-control wpcf7-acceptance\"><span class=\"wpcf7-list-item\"><label><input type=\"checkbox\" name=\"acceptance-141\" value=\"1\" id=\"accept\" aria-invalid=\"false\" \/><span class=\"wpcf7-list-item-label\">He le\u00eddo y acepto la <a href=\"https:\/\/martabelles.com\/es\/aviso-legal#politica\" target=\"_blank\"> pol\u00edtica de privacidad<\/a><\/span><\/label><\/span><\/span><\/span>\n\t<\/p>\n<\/div><div class=\"wpcf7-response-output\" aria-hidden=\"true\"><\/div>\n<\/form>\n<\/div>\n\n\t\t\t\t\t\t\t\t<\/div>\n\t\t\t\t<\/div>\n\t\t\t\t\t<\/div>\n\t\t<\/div>\n\t\t\t\t\t<\/div>\n\t\t<\/section>\n\t\t\t\t\t<\/div>\n\t\t<\/div>\n\t\t\t\t<div class=\"elementor-column elementor-col-50 elementor-top-column elementor-element elementor-element-05babd3\" data-id=\"05babd3\" data-element_type=\"column\" data-e-type=\"column\" data-settings=\"{&quot;background_background&quot;:&quot;classic&quot;}\">\n\t\t\t<div class=\"elementor-widget-wrap elementor-element-populated\">\n\t\t\t\t\t\t<section class=\"elementor-section elementor-inner-section elementor-element elementor-element-ae9435c elementor-section-boxed elementor-section-height-default elementor-section-height-default neuron-fixed-no\" data-id=\"ae9435c\" data-element_type=\"section\" data-e-type=\"section\">\n\t\t\t\t\t\t<div class=\"elementor-container elementor-column-gap-default\">\n\t\t\t\t\t<div class=\"elementor-column elementor-col-100 elementor-inner-column elementor-element elementor-element-24eead1\" data-id=\"24eead1\" data-element_type=\"column\" data-e-type=\"column\">\n\t\t\t<div class=\"elementor-widget-wrap elementor-element-populated\">\n\t\t\t\t\t\t<div class=\"elementor-element elementor-element-4a47d98 elementor-widget elementor-widget-text-editor\" data-id=\"4a47d98\" data-element_type=\"widget\" data-e-type=\"widget\" id=\"contacte1\" data-widget_type=\"text-editor.default\">\n\t\t\t\t<div class=\"elementor-widget-container\">\n\t\t\t\t\t\t\t\t\t<h5>Marta Bell\u00e9s <br \/>\nDise\u00f1adora gr\u00e1fica &amp; ilustradora<\/h5>\n\t\t\t\t\t\t\t\t<\/div>\n\t\t\t\t<\/div>\n\t\t\t\t<div class=\"elementor-element elementor-element-d4fd680 elementor-widget-divider--view-line elementor-widget elementor-widget-divider\" data-id=\"d4fd680\" data-element_type=\"widget\" data-e-type=\"widget\" data-widget_type=\"divider.default\">\n\t\t\t\t<div class=\"elementor-widget-container\">\n\t\t\t\t\t\t\t<div class=\"elementor-divider\">\n\t\t\t<span class=\"elementor-divider-separator\">\n\t\t\t\t\t\t<\/span>\n\t\t<\/div>\n\t\t\t\t\t\t<\/div>\n\t\t\t\t<\/div>\n\t\t\t\t<div class=\"elementor-element elementor-element-712dbdd elementor-widget elementor-widget-text-editor\" data-id=\"712dbdd\" data-element_type=\"widget\" data-e-type=\"widget\" id=\"contacte2\" data-widget_type=\"text-editor.default\">\n\t\t\t\t<div class=\"elementor-widget-container\">\n\t\t\t\t\t\t\t\t\t<p>(+34) 696 655 013<br \/><a href=\"mailto:hola@martabelles.com\">hola@martabelles.com<\/a><\/p>\n\t\t\t\t\t\t\t\t<\/div>\n\t\t\t\t<\/div>\n\t\t\t\t<div class=\"elementor-element elementor-element-e16a3f7 elementor-widget-divider--view-line elementor-widget elementor-widget-divider\" data-id=\"e16a3f7\" data-element_type=\"widget\" data-e-type=\"widget\" data-widget_type=\"divider.default\">\n\t\t\t\t<div class=\"elementor-widget-container\">\n\t\t\t\t\t\t\t<div class=\"elementor-divider\">\n\t\t\t<span class=\"elementor-divider-separator\">\n\t\t\t\t\t\t<\/span>\n\t\t<\/div>\n\t\t\t\t\t\t<\/div>\n\t\t\t\t<\/div>\n\t\t\t\t<div class=\"elementor-element elementor-element-1072a45 elementor-widget elementor-widget-text-editor\" data-id=\"1072a45\" data-element_type=\"widget\" data-e-type=\"widget\" id=\"contacte3\" data-widget_type=\"text-editor.default\">\n\t\t\t\t<div class=\"elementor-widget-container\">\n\t\t\t\t\t\t\t\t\t<p><span style=\"text-decoration: underline;\">S\u00edgueme en:<\/span><\/p>\n\t\t\t\t\t\t\t\t<\/div>\n\t\t\t\t<\/div>\n\t\t\t\t<div class=\"elementor-element elementor-element-d39a894 elementor-shape-circle e-grid-align-left elementor-grid-0 elementor-widget elementor-widget-social-icons\" data-id=\"d39a894\" data-element_type=\"widget\" data-e-type=\"widget\" data-widget_type=\"social-icons.default\">\n\t\t\t\t<div class=\"elementor-widget-container\">\n\t\t\t\t\t\t\t<div class=\"elementor-social-icons-wrapper elementor-grid\" role=\"list\">\n\t\t\t\t\t\t\t<span class=\"elementor-grid-item\" role=\"listitem\">\n\t\t\t\t\t<a class=\"elementor-icon elementor-social-icon elementor-social-icon-instagram elementor-repeater-item-707649e\" href=\"https:\/\/www.instagram.com\/by.martabelles\/\" target=\"_blank\">\n\t\t\t\t\t\t<span class=\"elementor-screen-only\">Instagram<\/span>\n\t\t\t\t\t\t<i aria-hidden=\"true\" class=\"fab fa-instagram\"><\/i>\t\t\t\t\t<\/a>\n\t\t\t\t<\/span>\n\t\t\t\t\t\t\t<span class=\"elementor-grid-item\" role=\"listitem\">\n\t\t\t\t\t<a class=\"elementor-icon elementor-social-icon elementor-social-icon-facebook elementor-repeater-item-1bc7766\" href=\"https:\/\/www.https:\/\/www.facebook.com\/by.martabelles\/\" target=\"_blank\">\n\t\t\t\t\t\t<span class=\"elementor-screen-only\">Facebook<\/span>\n\t\t\t\t\t\t<i aria-hidden=\"true\" class=\"fab fa-facebook\"><\/i>\t\t\t\t\t<\/a>\n\t\t\t\t<\/span>\n\t\t\t\t\t\t\t<span class=\"elementor-grid-item\" role=\"listitem\">\n\t\t\t\t\t<a class=\"elementor-icon elementor-social-icon elementor-social-icon-linkedin elementor-repeater-item-fa43980\" href=\"https:\/\/es.linkedin.com\/in\/martabellesp\" target=\"_blank\">\n\t\t\t\t\t\t<span class=\"elementor-screen-only\">Linkedin<\/span>\n\t\t\t\t\t\t<i aria-hidden=\"true\" class=\"fab fa-linkedin\"><\/i>\t\t\t\t\t<\/a>\n\t\t\t\t<\/span>\n\t\t\t\t\t<\/div>\n\t\t\t\t\t\t<\/div>\n\t\t\t\t<\/div>\n\t\t\t\t\t<\/div>\n\t\t<\/div>\n\t\t\t\t\t<\/div>\n\t\t<\/section>\n\t\t\t\t\t<\/div>\n\t\t<\/div>\n\t\t\t\t\t<\/div>\n\t\t<\/section>\n\t\t\t\t<\/div>\n\t\t","protected":false},"excerpt":{"rendered":"<p>\u00bfEmpezamos? Marta Bell\u00e9s Dise\u00f1adora gr\u00e1fica &amp; ilustradora (+34) 696 655 013 hola@martabelles.com S\u00edgueme en: Instagram Facebook Linkedin<\/p>\n","protected":false},"author":1,"featured_media":0,"parent":0,"menu_order":83,"comment_status":"closed","ping_status":"closed","template":"","meta":{"_acf_changed":false,"footnotes":""},"class_list":["post-30861","page","type-page","status-publish","hentry"],"acf":[],"yoast_head":"<!-- This site is optimized with the Yoast SEO plugin v27.3 - https:\/\/yoast.com\/product\/yoast-seo-wordpress\/ -->\n<title>Marta Bell\u00e9s &#8212; Dise\u00f1o gr\u00e1fico &amp; ilustraci\u00f3n<\/title>\n<meta name=\"description\" content=\"Marta Bell\u00e9s. Dise\u00f1adora gr\u00e1fica e ilustradora. Entre Tiana, Barcelona y Vic. Proyectos de branding, retail, editorial, web e ilustraci\u00f3n.\" \/>\n<meta name=\"robots\" content=\"index, follow, max-snippet:-1, max-image-preview:large, max-video-preview:-1\" \/>\n<link rel=\"canonical\" href=\"https:\/\/martabelles.com\/es\/contact\/\" \/>\n<meta property=\"og:locale\" content=\"es_ES\" \/>\n<meta property=\"og:type\" content=\"article\" \/>\n<meta property=\"og:title\" content=\"Marta Bell\u00e9s &#8212; Dise\u00f1o gr\u00e1fico &amp; ilustraci\u00f3n\" \/>\n<meta property=\"og:description\" content=\"Marta Bell\u00e9s. Dise\u00f1adora gr\u00e1fica e ilustradora. Entre Tiana, Barcelona y Vic. Proyectos de branding, retail, editorial, web e ilustraci\u00f3n.\" \/>\n<meta property=\"og:url\" content=\"https:\/\/martabelles.com\/es\/contact\/\" \/>\n<meta property=\"og:site_name\" content=\"Marta Bell\u00e9s\" \/>\n<meta property=\"article:publisher\" content=\"https:\/\/www.facebook.com\/by.martabelles\/\" \/>\n<meta property=\"article:modified_time\" content=\"2020-05-23T10:54:41+00:00\" \/>\n<meta name=\"twitter:card\" content=\"summary_large_image\" \/>\n<meta name=\"twitter:site\" content=\"@martabelles_\" \/>\n<script type=\"application\/ld+json\" class=\"yoast-schema-graph\">{\"@context\":\"https:\\\/\\\/schema.org\",\"@graph\":[{\"@type\":\"WebPage\",\"@id\":\"https:\\\/\\\/martabelles.com\\\/es\\\/contact\\\/\",\"url\":\"https:\\\/\\\/martabelles.com\\\/es\\\/contact\\\/\",\"name\":\"Marta Bell\u00e9s &#8212; Dise\u00f1o gr\u00e1fico & ilustraci\u00f3n\",\"isPartOf\":{\"@id\":\"https:\\\/\\\/martabelles.com\\\/#website\"},\"datePublished\":\"2020-04-15T13:31:52+00:00\",\"dateModified\":\"2020-05-23T10:54:41+00:00\",\"description\":\"Marta Bell\u00e9s. Dise\u00f1adora gr\u00e1fica e ilustradora. Entre Tiana, Barcelona y Vic. Proyectos de branding, retail, editorial, web e ilustraci\u00f3n.\",\"breadcrumb\":{\"@id\":\"https:\\\/\\\/martabelles.com\\\/es\\\/contact\\\/#breadcrumb\"},\"inLanguage\":\"es\",\"potentialAction\":[{\"@type\":\"ReadAction\",\"target\":[\"https:\\\/\\\/martabelles.com\\\/es\\\/contact\\\/\"]}]},{\"@type\":\"BreadcrumbList\",\"@id\":\"https:\\\/\\\/martabelles.com\\\/es\\\/contact\\\/#breadcrumb\",\"itemListElement\":[{\"@type\":\"ListItem\",\"position\":1,\"name\":\"Inici\",\"item\":\"https:\\\/\\\/martabelles.com\\\/\"},{\"@type\":\"ListItem\",\"position\":2,\"name\":\"Contact\"}]},{\"@type\":\"WebSite\",\"@id\":\"https:\\\/\\\/martabelles.com\\\/#website\",\"url\":\"https:\\\/\\\/martabelles.com\\\/\",\"name\":\"Marta Bell\u00e9s\",\"description\":\"Graphic Design &amp; Illustration\",\"potentialAction\":[{\"@type\":\"SearchAction\",\"target\":{\"@type\":\"EntryPoint\",\"urlTemplate\":\"https:\\\/\\\/martabelles.com\\\/?s={search_term_string}\"},\"query-input\":{\"@type\":\"PropertyValueSpecification\",\"valueRequired\":true,\"valueName\":\"search_term_string\"}}],\"inLanguage\":\"es\"}]}<\/script>\n<!-- \/ Yoast SEO plugin. -->","yoast_head_json":{"title":"Marta Bell\u00e9s &#8212; Dise\u00f1o gr\u00e1fico & ilustraci\u00f3n","description":"Marta Bell\u00e9s. Dise\u00f1adora gr\u00e1fica e ilustradora. Entre Tiana, Barcelona y Vic. Proyectos de branding, retail, editorial, web e ilustraci\u00f3n.","robots":{"index":"index","follow":"follow","max-snippet":"max-snippet:-1","max-image-preview":"max-image-preview:large","max-video-preview":"max-video-preview:-1"},"canonical":"https:\/\/martabelles.com\/es\/contact\/","og_locale":"es_ES","og_type":"article","og_title":"Marta Bell\u00e9s &#8212; Dise\u00f1o gr\u00e1fico & ilustraci\u00f3n","og_description":"Marta Bell\u00e9s. Dise\u00f1adora gr\u00e1fica e ilustradora. Entre Tiana, Barcelona y Vic. Proyectos de branding, retail, editorial, web e ilustraci\u00f3n.","og_url":"https:\/\/martabelles.com\/es\/contact\/","og_site_name":"Marta Bell\u00e9s","article_publisher":"https:\/\/www.facebook.com\/by.martabelles\/","article_modified_time":"2020-05-23T10:54:41+00:00","twitter_card":"summary_large_image","twitter_site":"@martabelles_","schema":{"@context":"https:\/\/schema.org","@graph":[{"@type":"WebPage","@id":"https:\/\/martabelles.com\/es\/contact\/","url":"https:\/\/martabelles.com\/es\/contact\/","name":"Marta Bell\u00e9s &#8212; Dise\u00f1o gr\u00e1fico & ilustraci\u00f3n","isPartOf":{"@id":"https:\/\/martabelles.com\/#website"},"datePublished":"2020-04-15T13:31:52+00:00","dateModified":"2020-05-23T10:54:41+00:00","description":"Marta Bell\u00e9s. Dise\u00f1adora gr\u00e1fica e ilustradora. Entre Tiana, Barcelona y Vic. Proyectos de branding, retail, editorial, web e ilustraci\u00f3n.","breadcrumb":{"@id":"https:\/\/martabelles.com\/es\/contact\/#breadcrumb"},"inLanguage":"es","potentialAction":[{"@type":"ReadAction","target":["https:\/\/martabelles.com\/es\/contact\/"]}]},{"@type":"BreadcrumbList","@id":"https:\/\/martabelles.com\/es\/contact\/#breadcrumb","itemListElement":[{"@type":"ListItem","position":1,"name":"Inici","item":"https:\/\/martabelles.com\/"},{"@type":"ListItem","position":2,"name":"Contact"}]},{"@type":"WebSite","@id":"https:\/\/martabelles.com\/#website","url":"https:\/\/martabelles.com\/","name":"Marta Bell\u00e9s","description":"Graphic Design &amp; Illustration","potentialAction":[{"@type":"SearchAction","target":{"@type":"EntryPoint","urlTemplate":"https:\/\/martabelles.com\/?s={search_term_string}"},"query-input":{"@type":"PropertyValueSpecification","valueRequired":true,"valueName":"search_term_string"}}],"inLanguage":"es"}]}},"_links":{"self":[{"href":"https:\/\/martabelles.com\/es\/wp-json\/wp\/v2\/pages\/30861","targetHints":{"allow":["GET"]}}],"collection":[{"href":"https:\/\/martabelles.com\/es\/wp-json\/wp\/v2\/pages"}],"about":[{"href":"https:\/\/martabelles.com\/es\/wp-json\/wp\/v2\/types\/page"}],"author":[{"embeddable":true,"href":"https:\/\/martabelles.com\/es\/wp-json\/wp\/v2\/users\/1"}],"replies":[{"embeddable":true,"href":"https:\/\/martabelles.com\/es\/wp-json\/wp\/v2\/comments?post=30861"}],"version-history":[{"count":24,"href":"https:\/\/martabelles.com\/es\/wp-json\/wp\/v2\/pages\/30861\/revisions"}],"predecessor-version":[{"id":31735,"href":"https:\/\/martabelles.com\/es\/wp-json\/wp\/v2\/pages\/30861\/revisions\/31735"}],"wp:attachment":[{"href":"https:\/\/martabelles.com\/es\/wp-json\/wp\/v2\/media?parent=30861"}],"curies":[{"name":"wp","href":"https:\/\/api.w.org\/{rel}","templated":true}]}}